{"id":1010,"date":"2022-04-12T15:13:59","date_gmt":"2022-04-12T15:13:59","guid":{"rendered":"https:\/\/imedi-asso.fr\/presentacion-de-la-asociacion"},"modified":"2022-05-21T21:24:26","modified_gmt":"2022-05-21T21:24:26","slug":"presentacion-de-la-asociacion","status":"publish","type":"page","link":"https:\/\/imedi-asso.fr\/es\/presentacion-de-la-asociacion","title":{"rendered":"presentaci\u00f3n de la asociaci\u00f3n"},"content":{"rendered":"[vc_row full_width=\u00bbstretch_row\u00bb wpex_shape_divider_bottom=\u00bbtilt\u00bb wpex_shape_divider_bottom_flip=\u00bbtrue\u00bb css=\u00bb.vc_custom_1649789379930{padding-top: 60px !important;padding-bottom: 120px !important;background-color: #f3fbfe !important;}\u00bb wpex_shape_divider_bottom_color=\u00bb#ffffff\u00bb wpex_shape_divider_bottom_height=\u00bb100&#8243;][vc_column][vc_column_text]Creada en 2018, IMEDI es una asociaci\u00f3n sin \u00e1nimo de lucro regida por la ley del 1 de julio de 1901. Su objetivo es eliminar la barrera del idioma para garantizar a las personas que hablan poco o nada de franc\u00e9s un mejor acceso a los derechos y la atenci\u00f3n; apoyar la acogida, la integraci\u00f3n social, la emancipaci\u00f3n de personas en situaci\u00f3n precaria, participar en el desarrollo y promoci\u00f3n de la profesi\u00f3n de int\u00e9rprete en un entorno m\u00e9dico-social.[\/vc_column_text][\/vc_column][\/vc_row][vc_row full_width=\u00bbstretch_row\u00bb content_placement=\u00bbmiddle\u00bb equal_height=\u00bbyes\u00bb][vc_column width=\u00bb1\/2&#8243;][vc_column_text css=\u00bb.vc_custom_1650584653729{margin-bottom: 60px !important;}\u00bb]IMEDI ofrece a sus clientes que trabajan en los campos m\u00e9dico-social, educativo y administrativo una soluci\u00f3n profesional de interpretaci\u00f3n y traducci\u00f3n en 60 idiomas y dialectos diferentes. Su equipo de m\u00e1s de 50 int\u00e9rpretes-traductores profesionales cuenta con una s\u00f3lida experiencia y conocimiento.[\/vc_column_text][vc_column_text css=\u00bb.vc_custom_1650584669185{margin-bottom: 60px !important;}\u00bb]IMEDI presta especial atenci\u00f3n a la \u00e9tica profesional. Su carta de \u00e9tica garantiza a sus socios el estricto cumplimiento de los principios \u00e9ticos que rigen esta profesi\u00f3n. [\/vc_column_text][vc_column_text]Preocupada por la gran importancia de la formaci\u00f3n continua de sus int\u00e9rpretes-traductores, IMEDI organiza cada a\u00f1o varias jornadas impartidas por profesionales y profesionales especializados en los sectores m\u00e9dico-social, educativo y administrativo. Tambi\u00e9n supervisa una revisi\u00f3n colectiva de la pr\u00e1ctica profesional de su equipo de int\u00e9rpretes-traductores a trav\u00e9s de sesiones de supervisi\u00f3n y an\u00e1lisis de pr\u00e1cticas organizadas mensualmente.[\/vc_column_text][\/vc_column][vc_column width=\u00bb1\/2&#8243;][vc_single_image image=\u00bb123&#8243;][\/vc_column][\/vc_row]\n","protected":false},"excerpt":{"rendered":"<p>[vc_row full_width=\u00bbstretch_row\u00bb wpex_shape_divider_bottom=\u00bbtilt\u00bb wpex_shape_divider_bottom_flip=\u00bbtrue\u00bb css=\u00bb.vc_custom_1649789379930{padding-top: 60px !important;padding-bottom: 120px !important;background-color: #f3fbfe !important;}\u00bb wpex_shape_divider_bottom_color=\u00bb#ffffff\u00bb wpex_shape_divider_bottom_height=\u00bb100&#8243;][vc_column][vc_column_text]Creada en 2018, IMEDI es una asociaci\u00f3n sin \u00e1nimo de lucro regida por la ley del 1 de julio de 1901. Su objetivo es eliminar la barrera del idioma para garantizar a las personas que hablan poco o nada de franc\u00e9s un mejor&hellip;<\/p>\n","protected":false},"author":1,"featured_media":0,"parent":0,"menu_order":0,"comment_status":"closed","ping_status":"closed","template":"","meta":{"_acf_changed":false,"footnotes":""},"class_list":["post-1010","page","type-page","status-publish","hentry","entry","no-media"],"acf":[],"_links":{"self":[{"href":"https:\/\/imedi-asso.fr\/es\/wp-json\/wp\/v2\/pages\/1010","targetHints":{"allow":["GET"]}}],"collection":[{"href":"https:\/\/imedi-asso.fr\/es\/wp-json\/wp\/v2\/pages"}],"about":[{"href":"https:\/\/imedi-asso.fr\/es\/wp-json\/wp\/v2\/types\/page"}],"author":[{"embeddable":true,"href":"https:\/\/imedi-asso.fr\/es\/wp-json\/wp\/v2\/users\/1"}],"replies":[{"embeddable":true,"href":"https:\/\/imedi-asso.fr\/es\/wp-json\/wp\/v2\/comments?post=1010"}],"version-history":[{"count":3,"href":"https:\/\/imedi-asso.fr\/es\/wp-json\/wp\/v2\/pages\/1010\/revisions"}],"predecessor-version":[{"id":1013,"href":"https:\/\/imedi-asso.fr\/es\/wp-json\/wp\/v2\/pages\/1010\/revisions\/1013"}],"wp:attachment":[{"href":"https:\/\/imedi-asso.fr\/es\/wp-json\/wp\/v2\/media?parent=1010"}],"curies":[{"name":"wp","href":"https:\/\/api.w.org\/{rel}","templated":true}]}}