{"id":107,"date":"2022-04-11T16:20:23","date_gmt":"2022-04-11T16:20:23","guid":{"rendered":"http:\/\/s905412043.onlinehome.fr\/politica-de-confidencialidad"},"modified":"2024-11-11T17:26:52","modified_gmt":"2024-11-11T17:26:52","slug":"politica-de-confidencialidad","status":"publish","type":"page","link":"https:\/\/imedi-asso.fr\/es\/politica-de-confidencialidad","title":{"rendered":"Pol\u00edtica de privacidad"},"content":{"rendered":"\n<h2 class=\"wp-block-heading\"><strong>1. Introducci\u00f3n<\/strong><\/h2>\n\n<p>Esta pol\u00edtica de privacidad explica c\u00f3mo<strong> la Asociaci\u00f3n IMEDI Groupement d&#8217;Interpr\u00e8tes Professionnels<\/strong> (\u00abnosotros\u00bb, \u00abnos\u00bb, \u00abnuestro\u00bb) recoge, utiliza y protege la informaci\u00f3n personal de los usuarios (\u00abt\u00fa\u00bb, \u00abtu\u00bb) de nuestro sitio web https:\/\/imedi-asso.fr\/ (el \u00abSitio\u00bb).<br\/><\/p>\n\n<h2 class=\"wp-block-heading\"><strong>2. Informaci\u00f3n recogida<\/strong><\/h2>\n\n<p>Recogemos diferentes tipos de informaci\u00f3n cuando utilizas nuestro Sitio, incluyendo:<\/p>\n\n<p><strong>Informaci\u00f3n que nos proporcionas directamente<\/strong>: como tu nombre, direcci\u00f3n de correo electr\u00f3nico, n\u00famero de tel\u00e9fono, etc., que nos env\u00edas al registrarte, solicitar informaci\u00f3n o a trav\u00e9s de cualquier otro formulario en l\u00ednea.<\/p>\n\n<p><strong>Informaci\u00f3n recogida autom\u00e1ticamente<\/strong>: como los datos recogidos a trav\u00e9s de cookies.<\/p>\n\n<h2 class=\"wp-block-heading\"><strong>3. Uso de la informaci\u00f3n<\/strong><\/h2>\n\n<p>Utilizamos tu informaci\u00f3n para :<\/p>\n\n<ul class=\"wp-block-list\">\n<li>Para proporcionar, operar y mejorar nuestro Sitio y nuestros servicios.<\/li>\n\n\n\n<li>Analizar y comprender las tendencias de uso para optimizar la experiencia del usuario.<\/li>\n\n\n\n<li>Para garantizar la seguridad de nuestro Sitio y de nuestros usuarios.<\/li>\n<\/ul>\n\n<h2 class=\"wp-block-heading\"><strong>4. Cookies<\/strong><\/h2>\n\n<p>Nuestro sitio utiliza cookies para mejorar la experiencia del usuario, analizar el tr\u00e1fico y recordar sus preferencias. Al navegar por nuestro sitio, aceptas el uso de los siguientes tipos de cookies: <\/p>\n\n<p><strong>Cookies funcionales<\/strong>: algunas cookies (como wp-wpml_current_language) recuerdan tus preferencias, como tu elecci\u00f3n de idioma, para mejorar tu experiencia de navegaci\u00f3n.<\/p>\n\n<p><strong>Cookies de sesi\u00f3n<\/strong>: necesarias para mantener tu sesi\u00f3n activa y permitir una navegaci\u00f3n fluida. Caducan al final de cada sesi\u00f3n. <\/p>\n\n<p><strong>Cookies de an\u00e1lisis<\/strong>: utilizadas para rastrear el comportamiento de los visitantes y mejorar la funcionalidad del sitio (por ejemplo, cookies sbjs_*).<\/p>\n\n<h2 class=\"wp-block-heading\"><strong>5. Periodo de conservaci\u00f3n de los datos<\/strong><\/h2>\n\n<p>S\u00f3lo conservamos tus datos personales durante el tiempo necesario para los fines descritos en esta pol\u00edtica de privacidad, a menos que la ley exija o autorice un periodo de conservaci\u00f3n m\u00e1s largo (por ejemplo, por obligaciones legales, fiscales o de seguridad).<\/p>\n\n<p>Los datos personales se conservan durante un m\u00e1ximo de 5 a\u00f1os a partir de la \u00faltima interacci\u00f3n con el usuario, a menos que la ley exija lo contrario o que el usuario solicite su supresi\u00f3n. Transcurrido este plazo, los datos se eliminan para garantizar la confidencialidad de la informaci\u00f3n. <\/p>\n\n<p>Los criterios utilizados para determinar el periodo de conservaci\u00f3n incluyen: la naturaleza de la informaci\u00f3n, la finalidad para la que se recoge y procesa, y la necesidad de conservarla para garantizar la seguridad de nuestro sitio y el cumplimiento de nuestras obligaciones legales.<\/p>\n\n<h2 class=\"wp-block-heading\"><strong>6. Seguridad de los datos<\/strong><\/h2>\n\n<p>Aplicamos medidas de seguridad t\u00e9cnicas, organizativas, f\u00edsicas y de software para proteger tus datos personales contra el acceso no autorizado, la alteraci\u00f3n, la divulgaci\u00f3n o la destrucci\u00f3n. Sin embargo, ning\u00fan m\u00e9todo de transmisi\u00f3n por Internet o m\u00e9todo de almacenamiento electr\u00f3nico es completamente seguro, y no podemos garantizar una seguridad absoluta. <br\/><\/p>\n\n<h2 class=\"wp-block-heading\"><strong>7. Tus derechos<\/strong><br\/><\/h2>\n\n<p>De acuerdo con la legislaci\u00f3n aplicable, tienes los siguientes derechos en relaci\u00f3n con tus datos personales:<\/p>\n\n<ul class=\"wp-block-list\">\n<li><strong>Derecho de acceso<\/strong>: Puedes solicitar una copia de los datos personales que tenemos sobre ti.<\/li>\n\n\n\n<li><strong>Derecho de rectificaci\u00f3n<\/strong>: Puedes corregir la informaci\u00f3n inexacta o incompleta.<\/li>\n\n\n\n<li><strong>Derecho de supresi\u00f3n<\/strong>: Puedes solicitar la supresi\u00f3n de tus datos personales en determinadas condiciones.<\/li>\n\n\n\n<li><strong>Derecho de oposici\u00f3n<\/strong>: Puedes oponerte a determinados usos de tus datos personales.<\/li>\n\n\n\n<li><strong>Derecho a la portabilidad de los datos<\/strong>: Puedes solicitar recibir tus datos personales en un formato estructurado, de uso com\u00fan y legible por m\u00e1quina.<\/li>\n<\/ul>\n\n<p>Para ejercer estos derechos, ponte en contacto con nosotros utilizando los datos que se facilitan a continuaci\u00f3n.<\/p>\n\n<h2 class=\"wp-block-heading\"><strong>8. Cambios en la Pol\u00edtica de Privacidad<\/strong><br\/><\/h2>\n\n<p>Nos reservamos el derecho a modificar esta pol\u00edtica de privacidad en cualquier momento. Cualquier cambio se publicar\u00e1 en esta p\u00e1gina con una fecha actualizada. Te animamos a consultar esta carta con regularidad para mantenerte informado de nuestras pr\u00e1cticas de confidencialidad.  <br\/><\/p>\n\n<h2 class=\"wp-block-heading\"><strong>9. Contacta con<\/strong><br\/><\/h2>\n\n<p>Si tienes alguna pregunta, duda o solicitud en relaci\u00f3n con esta carta de privacidad, puedes ponerte en contacto con nosotros en :<\/p>\n\n<p><strong>Asociaci\u00f3n IMEDI<\/strong><\/p>\n\n<p><br\/>Tel\u00e9fono: +33 672 022 984 Correo electr\u00f3nico: imedi.asso@gmail.com<\/p>\n","protected":false},"excerpt":{"rendered":"<p>1. Introducci\u00f3n Esta pol\u00edtica de privacidad explica c\u00f3mo la Asociaci\u00f3n IMEDI Groupement d&#8217;Interpr\u00e8tes Professionnels (\u00abnosotros\u00bb, \u00abnos\u00bb, \u00abnuestro\u00bb) recoge, utiliza y protege la informaci\u00f3n personal de los usuarios (\u00abt\u00fa\u00bb, \u00abtu\u00bb) de nuestro sitio web https:\/\/imedi-asso.fr\/ (el \u00abSitio\u00bb). 2. Informaci\u00f3n recogida Recogemos diferentes tipos de informaci\u00f3n cuando utilizas nuestro Sitio, incluyendo: Informaci\u00f3n que nos proporcionas directamente: como&hellip;<\/p>\n","protected":false},"author":1,"featured_media":0,"parent":0,"menu_order":0,"comment_status":"closed","ping_status":"closed","template":"","meta":{"_acf_changed":false,"footnotes":""},"class_list":["post-107","page","type-page","status-publish","hentry","entry","no-media"],"acf":[],"_links":{"self":[{"href":"https:\/\/imedi-asso.fr\/es\/wp-json\/wp\/v2\/pages\/107","targetHints":{"allow":["GET"]}}],"collection":[{"href":"https:\/\/imedi-asso.fr\/es\/wp-json\/wp\/v2\/pages"}],"about":[{"href":"https:\/\/imedi-asso.fr\/es\/wp-json\/wp\/v2\/types\/page"}],"author":[{"embeddable":true,"href":"https:\/\/imedi-asso.fr\/es\/wp-json\/wp\/v2\/users\/1"}],"replies":[{"embeddable":true,"href":"https:\/\/imedi-asso.fr\/es\/wp-json\/wp\/v2\/comments?post=107"}],"version-history":[{"count":6,"href":"https:\/\/imedi-asso.fr\/es\/wp-json\/wp\/v2\/pages\/107\/revisions"}],"predecessor-version":[{"id":1922,"href":"https:\/\/imedi-asso.fr\/es\/wp-json\/wp\/v2\/pages\/107\/revisions\/1922"}],"wp:attachment":[{"href":"https:\/\/imedi-asso.fr\/es\/wp-json\/wp\/v2\/media?parent=107"}],"curies":[{"name":"wp","href":"https:\/\/api.w.org\/{rel}","templated":true}]}}